{"id":19,"date":"2020-07-31T20:22:25","date_gmt":"2020-07-31T18:22:25","guid":{"rendered":"https:\/\/quartiersproximite.com\/?page_id=19"},"modified":"2020-09-09T11:55:45","modified_gmt":"2020-09-09T09:55:45","slug":"mentions-legales","status":"publish","type":"page","link":"https:\/\/quartiersproximite.com\/index.php\/mentions-legales\/","title":{"rendered":"Mentions l\u00e9gales"},"content":{"rendered":"\t\t<div data-elementor-type=\"wp-page\" data-elementor-id=\"19\" class=\"elementor elementor-19\" data-elementor-post-type=\"page\">\n\t\t\t\t\t\t<section class=\"elementor-section elementor-top-section elementor-element elementor-element-35c85de elementor-section-boxed elementor-section-height-default elementor-section-height-default\" data-id=\"35c85de\" data-element_type=\"section\" data-e-type=\"section\">\n\t\t\t\t\t\t<div class=\"elementor-container elementor-column-gap-default\">\n\t\t\t\t\t<div class=\"elementor-column elementor-col-100 elementor-top-column elementor-element elementor-element-f006dd4\" data-id=\"f006dd4\" data-element_type=\"column\" data-e-type=\"column\">\n\t\t\t<div class=\"elementor-widget-wrap elementor-element-populated\">\n\t\t\t\t\t\t<div class=\"elementor-element elementor-element-2d62b5d elementor-widget elementor-widget-heading\" data-id=\"2d62b5d\" data-element_type=\"widget\" data-e-type=\"widget\" data-widget_type=\"heading.default\">\n\t\t\t\t<div class=\"elementor-widget-container\">\n\t\t\t\t\t<h2 class=\"elementor-heading-title elementor-size-default\">Mentions l\u00e9gales<\/h2>\t\t\t\t<\/div>\n\t\t\t\t<\/div>\n\t\t\t\t\t<\/div>\n\t\t<\/div>\n\t\t\t\t\t<\/div>\n\t\t<\/section>\n\t\t\t\t<section class=\"elementor-section elementor-top-section elementor-element elementor-element-bd6600c elementor-section-boxed elementor-section-height-default elementor-section-height-default\" data-id=\"bd6600c\" data-element_type=\"section\" data-e-type=\"section\">\n\t\t\t\t\t\t<div class=\"elementor-container elementor-column-gap-default\">\n\t\t\t\t\t<div class=\"elementor-column elementor-col-100 elementor-top-column elementor-element elementor-element-2ee6e37\" data-id=\"2ee6e37\" data-element_type=\"column\" data-e-type=\"column\">\n\t\t\t<div class=\"elementor-widget-wrap elementor-element-populated\">\n\t\t\t\t\t\t<div class=\"elementor-element elementor-element-2df81c0 elementor-widget elementor-widget-text-editor\" data-id=\"2df81c0\" data-element_type=\"widget\" data-e-type=\"widget\" data-widget_type=\"text-editor.default\">\n\t\t\t\t<div class=\"elementor-widget-container\">\n\t\t\t\t\t\t\t\t\t<p dir=\"ltr\">Conform\u00e9ment aux dispositions de la loi n\u00b0 2004-575 du 21 juin 2004 pour la confiance en l\u2019\u00e9conomie num\u00e9rique, il est pr\u00e9cis\u00e9 aux utilisateurs du site&nbsp;<a href=\"https:\/\/www.quartiersproximite.com\">quartierproximite.com<\/a>&nbsp;l\u2019identit\u00e9 des diff\u00e9rents intervenants dans le cadre de sa r\u00e9alisation et de son suivi.<\/p>\n<h3 dir=\"ltr\">Edition du site<\/h3>\n<p dir=\"ltr\">Le site <a href=\"https:\/\/www.quartiersproximite.com\">quartiersproximite.com<\/a> est \u00e9dit\u00e9 par Quartiers Proximit\u00e9, association d\u00e9clar\u00e9e, dont le si\u00e8ge social est situ\u00e9 11 Place Coty 41000 Blois, immatricul\u00e9e sous le num\u00e9ro d\u2019identification unique 424 109 643 00058<\/p>\n<h3 dir=\"ltr\">Responsable de publication<\/h3>\n<p dir=\"ltr\">Monsieur Olivier Gu\u00e9ry<\/p>\n<h3 dir=\"ltr\">H\u00e9bergeur<\/h3>\n<p dir=\"ltr\">Le site&nbsp;<a href=\"https:\/\/www.quartiersproximite.com\">quartiersproximite.com<\/a> est h\u00e9berg\u00e9 par la soci\u00e9t\u00e9 OVH Cloud.<\/p>\n<p dir=\"ltr\">Adresse: 2 rue Kellermann &#8211; 59100 Roubaix &#8211; France<\/p>\n<p>Le stockage des donn\u00e9es personnelles des Utilisateurs est exclusivement r\u00e9alis\u00e9 sur les centre de donn\u00e9es (\u00ab clusters \u00bb) localis\u00e9s dans des Etats membres de l\u2019Union Europ\u00e9enne de la soci\u00e9t\u00e9 OVH Cloud<\/p>\n<h3>Webmaster<\/h3>\n<p>R\u00e9my POUSSINEAU, soci\u00e9t\u00e9 Mon Assistant Num\u00e9rique Blois.&nbsp;<\/p>\n<p><span style=\"color: inherit; font-family: inherit; font-size: 1.75rem;\">Nous contacter<\/span><\/p>\n<ul>\n<li dir=\"ltr\">\n<p dir=\"ltr\">Par email :&nbsp;contact@quartiersproximite.com<\/p>\n<\/li>\n<\/ul>\n<div>\n<h3>Confidentialit\u00e9<\/h3>\n<p>Aucune donn\u00e9e concernant les visiteurs n&rsquo;est recueillie ou utilis\u00e9e sur ce site, sauf \u00e0 des fins statistiques (nombre de visite, emplacement g\u00e9ographique des visiteurs).<\/p>\n<h3>Publicit\u00e9<\/h3>\n<p>Le site n&rsquo;est pas financ\u00e9 par la publicit\u00e9. Aucune publicit\u00e9 n&rsquo;est accept\u00e9e sur ce site.<\/p>\n<\/div>\n<h3 dir=\"ltr\">CNIL<\/h3>\n<p dir=\"ltr\"><span style=\"color: var( --e-global-color-text ); font-family: var( --e-global-typography-text-font-family ); font-weight: var( --e-global-typography-text-font-weight ); font-size: 1rem;\">Conform\u00e9ment aux dispositions de la loi 78-17 du 6 janvier 1978 modifi\u00e9e, l\u2019Utilisateur dispose d\u2019un droit d\u2019acc\u00e8s, de modification et de suppression des informations collect\u00e9es par LegalPlace. Pour exercer ce droit, il reviendra \u00e0 l\u2019Utilisateur d\u2019envoyer un message \u00e0 l\u2019adresse suivante : contact@quartiersproximite.com<\/span><br><\/p>\n<p dir=\"ltr\">\n<\/p>\t\t\t\t\t\t\t\t<\/div>\n\t\t\t\t<\/div>\n\t\t\t\t\t<\/div>\n\t\t<\/div>\n\t\t\t\t\t<\/div>\n\t\t<\/section>\n\t\t\t\t<\/div>\n\t\t","protected":false},"excerpt":{"rendered":"<p>Mentions l\u00e9gales Conform\u00e9ment aux dispositions de la loi n\u00b0 2004-575 du 21 juin 2004 pour la confiance en l\u2019\u00e9conomie num\u00e9rique, il est pr\u00e9cis\u00e9 aux utilisateurs du site&nbsp;quartierproximite.com&nbsp;l\u2019identit\u00e9 des diff\u00e9rents intervenants dans le cadre de sa r\u00e9alisation et de son suivi. Edition du site Le site quartiersproximite.com est \u00e9dit\u00e9 par Quartiers Proximit\u00e9, association d\u00e9clar\u00e9e, dont le [&hellip;]<\/p>\n","protected":false},"author":1,"featured_media":0,"parent":0,"menu_order":0,"comment_status":"closed","ping_status":"closed","template":"elementor_header_footer","meta":{"footnotes":""},"class_list":["post-19","page","type-page","status-publish","hentry"],"yoast_head":"<!-- This site is optimized with the Yoast SEO plugin v27.4 - https:\/\/yoast.com\/product\/yoast-seo-wordpress\/ -->\n<title>Mentions l\u00e9gales - Quartiers Proximit\u00e9<\/title>\n<meta name=\"robots\" content=\"index, follow, max-snippet:-1, max-image-preview:large, max-video-preview:-1\" \/>\n<link rel=\"canonical\" href=\"https:\/\/quartiersproximite.com\/index.php\/mentions-legales\/\" \/>\n<meta property=\"og:locale\" content=\"fr_FR\" \/>\n<meta property=\"og:type\" content=\"article\" \/>\n<meta property=\"og:title\" content=\"Mentions l\u00e9gales - Quartiers Proximit\u00e9\" \/>\n<meta property=\"og:description\" content=\"Mentions l\u00e9gales Conform\u00e9ment aux dispositions de la loi n\u00b0 2004-575 du 21 juin 2004 pour la confiance en l\u2019\u00e9conomie num\u00e9rique, il est pr\u00e9cis\u00e9 aux utilisateurs du site&nbsp;quartierproximite.com&nbsp;l\u2019identit\u00e9 des diff\u00e9rents intervenants dans le cadre de sa r\u00e9alisation et de son suivi. Edition du site Le site quartiersproximite.com est \u00e9dit\u00e9 par Quartiers Proximit\u00e9, association d\u00e9clar\u00e9e, dont le [&hellip;]\" \/>\n<meta property=\"og:url\" content=\"https:\/\/quartiersproximite.com\/index.php\/mentions-legales\/\" \/>\n<meta property=\"og:site_name\" content=\"Quartiers Proximit\u00e9\" \/>\n<meta property=\"article:modified_time\" content=\"2020-09-09T09:55:45+00:00\" \/>\n<meta name=\"twitter:card\" content=\"summary_large_image\" \/>\n<meta name=\"twitter:label1\" content=\"Dur\u00e9e de lecture estim\u00e9e\" \/>\n\t<meta name=\"twitter:data1\" content=\"1 minute\" \/>\n<script type=\"application\/ld+json\" class=\"yoast-schema-graph\">{\"@context\":\"https:\\\/\\\/schema.org\",\"@graph\":[{\"@type\":\"WebPage\",\"@id\":\"https:\\\/\\\/quartiersproximite.com\\\/index.php\\\/mentions-legales\\\/\",\"url\":\"https:\\\/\\\/quartiersproximite.com\\\/index.php\\\/mentions-legales\\\/\",\"name\":\"Mentions l\u00e9gales - Quartiers Proximit\u00e9\",\"isPartOf\":{\"@id\":\"https:\\\/\\\/quartiersproximite.com\\\/#website\"},\"datePublished\":\"2020-07-31T18:22:25+00:00\",\"dateModified\":\"2020-09-09T09:55:45+00:00\",\"breadcrumb\":{\"@id\":\"https:\\\/\\\/quartiersproximite.com\\\/index.php\\\/mentions-legales\\\/#breadcrumb\"},\"inLanguage\":\"fr-FR\",\"potentialAction\":[{\"@type\":\"ReadAction\",\"target\":[\"https:\\\/\\\/quartiersproximite.com\\\/index.php\\\/mentions-legales\\\/\"]}]},{\"@type\":\"BreadcrumbList\",\"@id\":\"https:\\\/\\\/quartiersproximite.com\\\/index.php\\\/mentions-legales\\\/#breadcrumb\",\"itemListElement\":[{\"@type\":\"ListItem\",\"position\":1,\"name\":\"Accueil\",\"item\":\"https:\\\/\\\/quartiersproximite.com\\\/\"},{\"@type\":\"ListItem\",\"position\":2,\"name\":\"Mentions l\u00e9gales\"}]},{\"@type\":\"WebSite\",\"@id\":\"https:\\\/\\\/quartiersproximite.com\\\/#website\",\"url\":\"https:\\\/\\\/quartiersproximite.com\\\/\",\"name\":\"Quartiers Proximit\u00e9\",\"description\":\"Association Blaisoise depuis 1999 - Maison des services publics situ\u00e9e \u00e0 Blois, 11 Place Ren\u00e9-Coty\",\"publisher\":{\"@id\":\"https:\\\/\\\/quartiersproximite.com\\\/#organization\"},\"potentialAction\":[{\"@type\":\"SearchAction\",\"target\":{\"@type\":\"EntryPoint\",\"urlTemplate\":\"https:\\\/\\\/quartiersproximite.com\\\/?s={search_term_string}\"},\"query-input\":{\"@type\":\"PropertyValueSpecification\",\"valueRequired\":true,\"valueName\":\"search_term_string\"}}],\"inLanguage\":\"fr-FR\"},{\"@type\":\"Organization\",\"@id\":\"https:\\\/\\\/quartiersproximite.com\\\/#organization\",\"name\":\"Quartiers Proximit\u00e9 Blois\",\"url\":\"https:\\\/\\\/quartiersproximite.com\\\/\",\"logo\":{\"@type\":\"ImageObject\",\"inLanguage\":\"fr-FR\",\"@id\":\"https:\\\/\\\/quartiersproximite.com\\\/#\\\/schema\\\/logo\\\/image\\\/\",\"url\":\"https:\\\/\\\/quartiersproximite.com\\\/wp-content\\\/uploads\\\/2020\\\/07\\\/Logo.png\",\"contentUrl\":\"https:\\\/\\\/quartiersproximite.com\\\/wp-content\\\/uploads\\\/2020\\\/07\\\/Logo.png\",\"width\":333,\"height\":151,\"caption\":\"Quartiers Proximit\u00e9 Blois\"},\"image\":{\"@id\":\"https:\\\/\\\/quartiersproximite.com\\\/#\\\/schema\\\/logo\\\/image\\\/\"}}]}<\/script>\n<!-- \/ Yoast SEO plugin. -->","yoast_head_json":{"title":"Mentions l\u00e9gales - Quartiers Proximit\u00e9","robots":{"index":"index","follow":"follow","max-snippet":"max-snippet:-1","max-image-preview":"max-image-preview:large","max-video-preview":"max-video-preview:-1"},"canonical":"https:\/\/quartiersproximite.com\/index.php\/mentions-legales\/","og_locale":"fr_FR","og_type":"article","og_title":"Mentions l\u00e9gales - Quartiers Proximit\u00e9","og_description":"Mentions l\u00e9gales Conform\u00e9ment aux dispositions de la loi n\u00b0 2004-575 du 21 juin 2004 pour la confiance en l\u2019\u00e9conomie num\u00e9rique, il est pr\u00e9cis\u00e9 aux utilisateurs du site&nbsp;quartierproximite.com&nbsp;l\u2019identit\u00e9 des diff\u00e9rents intervenants dans le cadre de sa r\u00e9alisation et de son suivi. Edition du site Le site quartiersproximite.com est \u00e9dit\u00e9 par Quartiers Proximit\u00e9, association d\u00e9clar\u00e9e, dont le [&hellip;]","og_url":"https:\/\/quartiersproximite.com\/index.php\/mentions-legales\/","og_site_name":"Quartiers Proximit\u00e9","article_modified_time":"2020-09-09T09:55:45+00:00","twitter_card":"summary_large_image","twitter_misc":{"Dur\u00e9e de lecture estim\u00e9e":"1 minute"},"schema":{"@context":"https:\/\/schema.org","@graph":[{"@type":"WebPage","@id":"https:\/\/quartiersproximite.com\/index.php\/mentions-legales\/","url":"https:\/\/quartiersproximite.com\/index.php\/mentions-legales\/","name":"Mentions l\u00e9gales - Quartiers Proximit\u00e9","isPartOf":{"@id":"https:\/\/quartiersproximite.com\/#website"},"datePublished":"2020-07-31T18:22:25+00:00","dateModified":"2020-09-09T09:55:45+00:00","breadcrumb":{"@id":"https:\/\/quartiersproximite.com\/index.php\/mentions-legales\/#breadcrumb"},"inLanguage":"fr-FR","potentialAction":[{"@type":"ReadAction","target":["https:\/\/quartiersproximite.com\/index.php\/mentions-legales\/"]}]},{"@type":"BreadcrumbList","@id":"https:\/\/quartiersproximite.com\/index.php\/mentions-legales\/#breadcrumb","itemListElement":[{"@type":"ListItem","position":1,"name":"Accueil","item":"https:\/\/quartiersproximite.com\/"},{"@type":"ListItem","position":2,"name":"Mentions l\u00e9gales"}]},{"@type":"WebSite","@id":"https:\/\/quartiersproximite.com\/#website","url":"https:\/\/quartiersproximite.com\/","name":"Quartiers Proximit\u00e9","description":"Association Blaisoise depuis 1999 - Maison des services publics situ\u00e9e \u00e0 Blois, 11 Place Ren\u00e9-Coty","publisher":{"@id":"https:\/\/quartiersproximite.com\/#organization"},"potentialAction":[{"@type":"SearchAction","target":{"@type":"EntryPoint","urlTemplate":"https:\/\/quartiersproximite.com\/?s={search_term_string}"},"query-input":{"@type":"PropertyValueSpecification","valueRequired":true,"valueName":"search_term_string"}}],"inLanguage":"fr-FR"},{"@type":"Organization","@id":"https:\/\/quartiersproximite.com\/#organization","name":"Quartiers Proximit\u00e9 Blois","url":"https:\/\/quartiersproximite.com\/","logo":{"@type":"ImageObject","inLanguage":"fr-FR","@id":"https:\/\/quartiersproximite.com\/#\/schema\/logo\/image\/","url":"https:\/\/quartiersproximite.com\/wp-content\/uploads\/2020\/07\/Logo.png","contentUrl":"https:\/\/quartiersproximite.com\/wp-content\/uploads\/2020\/07\/Logo.png","width":333,"height":151,"caption":"Quartiers Proximit\u00e9 Blois"},"image":{"@id":"https:\/\/quartiersproximite.com\/#\/schema\/logo\/image\/"}}]}},"_links":{"self":[{"href":"https:\/\/quartiersproximite.com\/index.php\/wp-json\/wp\/v2\/pages\/19","targetHints":{"allow":["GET"]}}],"collection":[{"href":"https:\/\/quartiersproximite.com\/index.php\/wp-json\/wp\/v2\/pages"}],"about":[{"href":"https:\/\/quartiersproximite.com\/index.php\/wp-json\/wp\/v2\/types\/page"}],"author":[{"embeddable":true,"href":"https:\/\/quartiersproximite.com\/index.php\/wp-json\/wp\/v2\/users\/1"}],"replies":[{"embeddable":true,"href":"https:\/\/quartiersproximite.com\/index.php\/wp-json\/wp\/v2\/comments?post=19"}],"version-history":[{"count":8,"href":"https:\/\/quartiersproximite.com\/index.php\/wp-json\/wp\/v2\/pages\/19\/revisions"}],"predecessor-version":[{"id":180,"href":"https:\/\/quartiersproximite.com\/index.php\/wp-json\/wp\/v2\/pages\/19\/revisions\/180"}],"wp:attachment":[{"href":"https:\/\/quartiersproximite.com\/index.php\/wp-json\/wp\/v2\/media?parent=19"}],"curies":[{"name":"wp","href":"https:\/\/api.w.org\/{rel}","templated":true}]}}